{"id":2494,"date":"2025-12-03T17:34:51","date_gmt":"2025-12-03T16:34:51","guid":{"rendered":"https:\/\/www.lagalerieblaye.art\/?post_type=product&#038;p=2494"},"modified":"2025-12-03T17:36:28","modified_gmt":"2025-12-03T16:36:28","slug":"clarissa-schaefer-coming-out-50x100cm","status":"publish","type":"product","link":"https:\/\/www.lagalerieblaye.art\/en\/produit\/clarissa-schaefer-coming-out-50x100cm\/","title":{"rendered":"Clarissa Schaefer &#8211; Coming out &#8211; 50x100cm"},"content":{"rendered":"","protected":false},"excerpt":{"rendered":"<p class=\"p1\"><span class=\"s1\">Reproduction sur m\u00e9tal, \u00e9dition limit\u00e9e 1\/7, 1500\u20ac<br \/>\nR<\/span><span class=\"s1\">eproduction on metal, limited edition 1\/7, 1500\u20ac<\/span><\/p>\n","protected":false},"featured_media":2442,"template":"","meta":{"_acf_changed":false,"_et_pb_use_builder":"","_et_pb_old_content":"","_et_gb_content_width":"","pgc_sgb_lightbox_settings":""},"product_brand":[],"product_cat":[52,49],"product_tag":[],"class_list":{"0":"post-2494","1":"product","2":"type-product","3":"status-publish","4":"has-post-thumbnail","6":"product_cat-clarissa-schaefer","7":"product_cat-non-classe","9":"first","10":"instock","11":"shipping-taxable","12":"purchasable","13":"product-type-simple"},"acf":[],"_links":{"self":[{"href":"https:\/\/www.lagalerieblaye.art\/en\/wp-json\/wp\/v2\/product\/2494","targetHints":{"allow":["GET"]}}],"collection":[{"href":"https:\/\/www.lagalerieblaye.art\/en\/wp-json\/wp\/v2\/product"}],"about":[{"href":"https:\/\/www.lagalerieblaye.art\/en\/wp-json\/wp\/v2\/types\/product"}],"wp:featuredmedia":[{"embeddable":true,"href":"https:\/\/www.lagalerieblaye.art\/en\/wp-json\/wp\/v2\/media\/2442"}],"wp:attachment":[{"href":"https:\/\/www.lagalerieblaye.art\/en\/wp-json\/wp\/v2\/media?parent=2494"}],"wp:term":[{"taxonomy":"product_brand","embeddable":true,"href":"https:\/\/www.lagalerieblaye.art\/en\/wp-json\/wp\/v2\/product_brand?post=2494"},{"taxonomy":"product_cat","embeddable":true,"href":"https:\/\/www.lagalerieblaye.art\/en\/wp-json\/wp\/v2\/product_cat?post=2494"},{"taxonomy":"product_tag","embeddable":true,"href":"https:\/\/www.lagalerieblaye.art\/en\/wp-json\/wp\/v2\/product_tag?post=2494"}],"curies":[{"name":"wp","href":"https:\/\/api.w.org\/{rel}","templated":true}]}}